{"id":61708,"date":"2020-02-27T19:33:40","date_gmt":"2020-02-27T19:33:40","guid":{"rendered":"https:\/\/eu4azerbaijan.eu\/disclaimer\/"},"modified":"2022-03-14T15:54:22","modified_gmt":"2022-03-14T15:54:22","slug":"disclaimer","status":"publish","type":"page","link":"https:\/\/eu4azerbaijan.eu\/az\/disclaimer\/","title":{"rendered":"Disclaimer"},"content":{"rendered":"<h1>\n<div>\n<p><b><span lang=\"AZ-LATIN\">M\u018fSUL\u0130YY\u018fTD\u018fN \u0130MT\u0130NA<span><o:p><\/o:p><\/span><\/span><\/b><\/p>\n<\/div>\n<\/h1>\n<hr>\n<div>\n<div>\n<p><span lang=\"AZ-LATIN\">Avropa Komissiyas\u0131 t\u0259r\u0259find\u0259n idar\u0259 olunan bu internet s\u0259hif\u0259sinin m\u0259qs\u0259di Avropa \u0130ttifaq\u0131 v\u0259 Az\u0259rbaycan aras\u0131nda \u0259m\u0259kda\u015fl\u0131\u011fa dair m\u0259lumatlar\u0131n ictimaiyy\u0259t\u0259 daha yax\u015f\u0131 \u00e7atd\u0131r\u0131lmas\u0131d\u0131r.\u00a0<o:p><\/o:p><\/span><\/p>\n<\/div>\n<div>\n<p><span lang=\"AZ-LATIN\">M\u0259qs\u0259dimiz bu m\u0259lumatlar\u0131n d\u0259qiqliyini v\u0259 operativliyini t\u0259min etm\u0259kdir. Biz m\u0259lumatlar\u0131 \u0259sas\u0259n a\u00e7\u0131q m\u0259nb\u0259l\u0259rd\u0259n, r\u0259smi yay\u0131m kanallar\u0131ndan v\u0259 layih\u0259l\u0259rin gedi\u015fat\u0131 il\u0259 ba\u011fl\u0131 yenil\u0259n\u0259n m\u0259lumatlar\u0131n monitorinqi vasit\u0259sil\u0259 toplay\u0131r\u0131q.\u00a0A\u0130 t\u0259r\u0259find\u0259n maliyy\u0259l\u0259\u015fdiril\u0259n haz\u0131rda davam ed\u0259n v\u0259 tamamlanm\u0131\u015f layih\u0259l\u0259r haqq\u0131nda m\u0259lumatlar birba\u015fa EUDIGITOOL m\u0259lumat bazas\u0131ndan g\u00f6st\u0259rilir ki, burada m\u0259lumatlar layih\u0259 icra\u00e7\u0131lar\u0131 t\u0259r\u0259find\u0259n bazaya \u0259lav\u0259 edilir. H\u0259r hans\u0131 s\u0259hvl\u0259r diqq\u0259timiz\u0259 \u00e7atd\u0131r\u0131larsa, onlar\u0131 d\u00fcz\u0259ltm\u0259y\u0259 \u00e7al\u0131\u015faca\u011f\u0131q. H\u0259r bir halda, Avropa \u0130ttifaq\u0131 bu internet s\u0259hif\u0259sind\u0259 m\u00f6vcud olan m\u0259lumatlar il\u0259 \u0259laq\u0259dar he\u00e7 bir m\u0259suliyy\u0259t v\u0259 ya \u00f6hd\u0259lik da\u015f\u0131m\u0131r.<o:p><\/o:p><\/span><\/p>\n<\/div>\n<div>\n<p><span lang=\"AZ-LATIN\">Bu m\u0259lumatlar \u00fcmumi xarakter\u0259 malikdir v\u0259 h\u0259r hans\u0131 bir f\u0259rdi \u015f\u0259xsin v\u0259 ya qurumun konkret v\u0259ziyy\u0259tind\u0259n b\u0259hs etm\u0259k m\u0259qs\u0259di da\u015f\u0131m\u0131r. S\u0259hif\u0259d\u0259ki m\u0259lumatlar h\u0259rt\u0259r\u0259fli v\u0259 tam olmaya bil\u0259r, onlar b\u0259z\u0259n\u00a0Avropa \u0130ttifaq\u0131n\u0131n<b> <\/b>n\u0259zar\u0259ti alt\u0131nda olmayan k\u0259nar internet s\u0259hif\u0259l\u0259ri il\u0259 ba\u011fl\u0131 ola bil\u0259r ki, A\u0130 h\u0259min s\u0259hif\u0259l\u0259rd\u0259 verilmi\u015f pe\u015f\u0259kar v\u0259 ya h\u00fcquqi m\u0259sl\u0259h\u0259tl\u0259rl\u0259 ba\u011fl\u0131 he\u00e7 bir cavabdehlik v\u0259 \u00f6hd\u0259lik da\u015f\u0131m\u0131r. Avropa \u0130ttifaq\u0131 bununla ba\u011fl\u0131 h\u0259r hans\u0131 m\u0259suliyy\u0259t v\u0259 h\u0259min internet s\u0259hif\u0259l\u0259rind\u0259. Konkret m\u0259s\u0259l\u0259y\u0259 dair m\u0259sl\u0259h\u0259t\u0259 ehtiyac\u0131n\u0131z olarsa, m\u00fcvafiq s\u0259ri\u015ft\u0259y\u0259 malik pe\u015f\u0259kara m\u00fcraci\u0259t etm\u0259lisiniz.<o:p><\/o:p><\/span><\/p>\n<\/div>\n<div>\n<p><span lang=\"AZ-LATIN\">EU4Azerbaijan.eu internet s\u0259hif\u0259sinin ziyar\u0259t\u00e7il\u0259ri h\u0259r hans\u0131 k\u0259nar internet s\u0259hif\u0259sinin linkin\u0259 ke\u00e7id etdikd\u0259 onlar EU4Azerbaijan.eu internet s\u0259hif\u0259sini t\u0259rk edir v\u0259 h\u0259min internet s\u0259hif\u0259l\u0259rinin kuki, m\u0259xfilik v\u0259 h\u00fcquqi siyas\u0259tl\u0259rini q\u0259bul etm\u0259lidirl\u0259r. EU4Azerbaijan.eu internet s\u0259hif\u0259si il\u0259 \u0259laq\u0259li k\u0259nar internet s\u0259hif\u0259l\u0259rinin m\u0259lumatlar\u0131n qorunmas\u0131 v\u0259 \u0259l\u00e7atanl\u0131q \u00fczr\u0259 m\u00fcvafiq t\u0259l\u0259bl\u0259r\u0259 uy\u011funlu\u011fu Avropa \u0130ttifaq\u0131n\u0131n n\u0259zar\u0259ti xaricind\u0259dir v\u0259 birba\u015fa h\u0259min s\u0259hif\u0259l\u0259rin m\u0259suliyy\u0259ti alt\u0131ndad\u0131r. <o:p><\/o:p><\/span><\/p>\n<\/div>\n<div>\n<p><span lang=\"AZ-LATIN\">EU4Azerbaijan.eu internet s\u0259hif\u0259sind\u0259n h\u0259r hans\u0131 konkret k\u0259nar internet s\u0259hif\u0259sin\u0259 aparan linkin m\u0259qs\u0259di EU4Azerbaijan.eu internet s\u0259hif\u0259sind\u0259 m\u00f6vcud olan m\u0259lumat\u0131 daha geni\u015f \u015f\u0259kild\u0259 t\u0259qdim etm\u0259kdir. Bu c\u00fcr linkl\u0259rin m\u00f6vcudlu\u011fu, Avropa \u0130ttifaq\u0131n\u0131n h\u0259min s\u0259hif\u0259l\u0259ri, oradak\u0131 m\u0259lumatlar\u0131 v\u0259 ya h\u0259min s\u0259hif\u0259l\u0259rin aid oldu\u011fu t\u0259\u015fkilatlar\u0131 t\u0259sdiql\u0259diyi anlam\u0131na g\u0259lmir. Xahi\u015f edirik n\u0259z\u0259r\u0259 alas\u0131n\u0131z ki, bu internet s\u0259hif\u0259sind\u0259 m\u00f6vcud olan h\u0259r hans\u0131 s\u0259n\u0259din r\u0259smi olaraq q\u0259bul edilmi\u015f m\u0259tni tam \u0259ks etdirm\u0259sin\u0259 z\u0259man\u0259t verilmir. Yaln\u0131z Avropa \u0130ttifaq\u0131n\u0131n R\u0259smi Jurnal\u0131nda (\u00e7ap versiyas\u0131 v\u0259 ya 1 iyul 2013-c\u00fc il tarixind\u0259n etibar\u0259n EUR-Lex internet s\u0259hif\u0259sind\u0259ki elektron n\u0259\u015fri) d\u0259rc olunan s\u0259n\u0259dl\u0259r orijinald\u0131r v\u0259 h\u00fcquqi q\u00fcvv\u0259y\u0259 malikdir.<o:p><\/o:p><\/span><\/p>\n<\/div>\n<div>\n<p><span lang=\"AZ-LATIN\">M\u0259qs\u0259dimiz texniki x\u0259talar s\u0259b\u0259bind\u0259n internet s\u0259hif\u0259sind\u0259 yarana bil\u0259c\u0259k m\u00fcmk\u00fcn x\u0259talar\u0131n qar\u015f\u0131s\u0131n\u0131 almaqd\u0131r. Ancaq internet s\u0259hif\u0259mizd\u0259ki b\u0259zi m\u0259lumatlar v\u0259 ya m\u00fc\u0259yy\u0259n informasiya x\u0259talar\u0131n m\u00fcmk\u00fcn oldu\u011fu fayl v\u0259 ya formatlarda yarad\u0131lm\u0131\u015f v\u0259 ya qurulmu\u015f ola bil\u0259r. Bel\u0259 olduqda xidm\u0259timizd\u0259 fasil\u0259nin v\u0259 ya bu c\u00fcr x\u0259talar\u0131n olmayaca\u011f\u0131na dair z\u0259man\u0259t ver\u0259 bilm\u0259rik.\u00a0<\/span><span lang=\"AZ-LATIN\">Avropa \u0130ttifaq\u0131 <\/span><span lang=\"AZ-LATIN\">bu internet s\u0259hif\u0259sinin v\u0259 ya onunla \u0259laq\u0259li k\u0259nar internet s\u0259hif\u0259l\u0259rinin istifad\u0259si n\u0259tic\u0259sind\u0259 yaranan bu c\u00fcr probleml\u0259r\u0259 g\u00f6r\u0259 he\u00e7 bir m\u0259suliyy\u0259t da\u015f\u0131m\u0131r.<o:p><\/o:p><\/span><\/p>\n<\/div>\n<div>\n<p><span lang=\"AZ-LATIN\">Bu m\u0259suliyy\u0259td\u0259n imtina t\u0259tbiq olunan milli qanunvericilikd\u0259 g\u00f6st\u0259ril\u0259n t\u0259l\u0259bl\u0259rin pozulmas\u0131 bax\u0131m\u0131ndan Komissiyan\u0131n m\u0259suliyy\u0259tini m\u0259hdudla\u015fd\u0131rmaq v\u0259 ya bu qanunvericilik il\u0259 istisna edil\u0259 bilm\u0259y\u0259n m\u0259s\u0259l\u0259l\u0259r\u0259 g\u00f6r\u0259 onun m\u0259suliyy\u0259tini istisna etm\u0259k m\u0259qs\u0259di da\u015f\u0131m\u0131r.<o:p><\/o:p><\/span><\/p>\n<\/div>\n<\/div>\n<p><!--more--><br \/>\n<!-- {\"type\":\"layout\",\"children\":[{\"type\":\"section\",\"props\":{\"style\":\"default\",\"width\":\"small\",\"vertical_align\":\"middle\",\"title_position\":\"top-left\",\"title_rotation\":\"left\",\"title_breakpoint\":\"xl\",\"image_position\":\"center-center\",\"padding_remove_top\":false,\"padding\":\"small\"},\"children\":[{\"type\":\"row\",\"children\":[{\"type\":\"column\",\"props\":{\"image_position\":\"center-center\",\"media_overlay_gradient\":\"\",\"position_sticky_breakpoint\":\"m\"},\"children\":[{\"type\":\"headline\",\"props\":{\"title_element\":\"h1\",\"content\":\"\n\n<div>\\n\n\n<p><b><span lang=\\\"AZ-LATIN\\\">M\\u018fSUL\\u0130YY\\u018fTD\\u018fN \\u0130MT\\u0130NA<span><o:p><\\\/o:p><\\\/span><\\\/span><\\\/b><\\\/p>\\n<\\\/div>\"}},{\"type\":\"divider\",\"props\":{\"divider_element\":\"hr\"}},{\"type\":\"text\",\"props\":{\"margin\":\"default\",\"column_breakpoint\":\"m\",\"content\":\"\n\n<div>\\n\n\n<p><span lang=\\\"AZ-LATIN\\\">Avropa Komissiyas\\u0131 t\\u0259r\\u0259find\\u0259n idar\\u0259 olunan bu internet s\\u0259hif\\u0259sinin m\\u0259qs\\u0259di Avropa \\u0130ttifaq\\u0131 v\\u0259 Az\\u0259rbaycan aras\\u0131nda \\u0259m\\u0259kda\\u015fl\\u0131\\u011fa dair m\\u0259lumatlar\\u0131n ictimaiyy\\u0259t\\u0259 daha yax\\u015f\\u0131 \\u00e7atd\\u0131r\\u0131lmas\\u0131d\\u0131r.\\u00a0<o:p><\\\/o:p><\\\/span><\\\/p>\\n<\\\/div>\\n\n\n<div>\\n\n\n<p><span lang=\\\"AZ-LATIN\\\">M\\u0259qs\\u0259dimiz bu m\\u0259lumatlar\\u0131n d\\u0259qiqliyini v\\u0259 operativliyini t\\u0259min etm\\u0259kdir. Biz m\\u0259lumatlar\\u0131 \\u0259sas\\u0259n a\\u00e7\\u0131q m\\u0259nb\\u0259l\\u0259rd\\u0259n, r\\u0259smi yay\\u0131m kanallar\\u0131ndan v\\u0259 layih\\u0259l\\u0259rin gedi\\u015fat\\u0131 il\\u0259 ba\\u011fl\\u0131 yenil\\u0259n\\u0259n m\\u0259lumatlar\\u0131n monitorinqi vasit\\u0259sil\\u0259 toplay\\u0131r\\u0131q.\\u00a0A\\u0130 t\\u0259r\\u0259find\\u0259n maliyy\\u0259l\\u0259\\u015fdiril\\u0259n haz\\u0131rda davam ed\\u0259n v\\u0259 tamamlanm\\u0131\\u015f layih\\u0259l\\u0259r haqq\\u0131nda m\\u0259lumatlar birba\\u015fa EUDIGITOOL m\\u0259lumat bazas\\u0131ndan g\\u00f6st\\u0259rilir ki, burada m\\u0259lumatlar layih\\u0259 icra\\u00e7\\u0131lar\\u0131 t\\u0259r\\u0259find\\u0259n bazaya \\u0259lav\\u0259 edilir. H\\u0259r hans\\u0131 s\\u0259hvl\\u0259r diqq\\u0259timiz\\u0259 \\u00e7atd\\u0131r\\u0131larsa, onlar\\u0131 d\\u00fcz\\u0259ltm\\u0259y\\u0259 \\u00e7al\\u0131\\u015faca\\u011f\\u0131q. H\\u0259r bir halda, Avropa \\u0130ttifaq\\u0131 bu internet s\\u0259hif\\u0259sind\\u0259 m\\u00f6vcud olan m\\u0259lumatlar il\\u0259 \\u0259laq\\u0259dar he\\u00e7 bir m\\u0259suliyy\\u0259t v\\u0259 ya \\u00f6hd\\u0259lik da\\u015f\\u0131m\\u0131r.<o:p><\\\/o:p><\\\/span><\\\/p>\\n<\\\/div>\\n\n\n<div>\\n\n\n<p><span lang=\\\"AZ-LATIN\\\">Bu m\\u0259lumatlar \\u00fcmumi xarakter\\u0259 malikdir v\\u0259 h\\u0259r hans\\u0131 bir f\\u0259rdi \\u015f\\u0259xsin v\\u0259 ya qurumun konkret v\\u0259ziyy\\u0259tind\\u0259n b\\u0259hs etm\\u0259k m\\u0259qs\\u0259di da\\u015f\\u0131m\\u0131r. S\\u0259hif\\u0259d\\u0259ki m\\u0259lumatlar h\\u0259rt\\u0259r\\u0259fli v\\u0259 tam olmaya bil\\u0259r, onlar b\\u0259z\\u0259n\\u00a0Avropa \\u0130ttifaq\\u0131n\\u0131n<b> <\\\/b>n\\u0259zar\\u0259ti alt\\u0131nda olmayan k\\u0259nar internet s\\u0259hif\\u0259l\\u0259ri il\\u0259 ba\\u011fl\\u0131 ola bil\\u0259r ki, A\\u0130 h\\u0259min s\\u0259hif\\u0259l\\u0259rd\\u0259 verilmi\\u015f pe\\u015f\\u0259kar v\\u0259 ya h\\u00fcquqi m\\u0259sl\\u0259h\\u0259tl\\u0259rl\\u0259 ba\\u011fl\\u0131 he\\u00e7 bir cavabdehlik v\\u0259 \\u00f6hd\\u0259lik da\\u015f\\u0131m\\u0131r. Avropa \\u0130ttifaq\\u0131 bununla ba\\u011fl\\u0131 h\\u0259r hans\\u0131 m\\u0259suliyy\\u0259t v\\u0259 h\\u0259min internet s\\u0259hif\\u0259l\\u0259rind\\u0259. Konkret m\\u0259s\\u0259l\\u0259y\\u0259 dair m\\u0259sl\\u0259h\\u0259t\\u0259 ehtiyac\\u0131n\\u0131z olarsa, m\\u00fcvafiq s\\u0259ri\\u015ft\\u0259y\\u0259 malik pe\\u015f\\u0259kara m\\u00fcraci\\u0259t etm\\u0259lisiniz.<o:p><\\\/o:p><\\\/span><\\\/p>\\n<\\\/div>\\n\n\n<div>\\n\n\n<p><span lang=\\\"AZ-LATIN\\\">EU4Azerbaijan.eu internet s\\u0259hif\\u0259sinin ziyar\\u0259t\\u00e7il\\u0259ri h\\u0259r hans\\u0131 k\\u0259nar internet s\\u0259hif\\u0259sinin linkin\\u0259 ke\\u00e7id etdikd\\u0259 onlar EU4Azerbaijan.eu internet s\\u0259hif\\u0259sini t\\u0259rk edir v\\u0259 h\\u0259min internet s\\u0259hif\\u0259l\\u0259rinin kuki, m\\u0259xfilik v\\u0259 h\\u00fcquqi siyas\\u0259tl\\u0259rini q\\u0259bul etm\\u0259lidirl\\u0259r. EU4Azerbaijan.eu internet s\\u0259hif\\u0259si il\\u0259 \\u0259laq\\u0259li k\\u0259nar internet s\\u0259hif\\u0259l\\u0259rinin m\\u0259lumatlar\\u0131n qorunmas\\u0131 v\\u0259 \\u0259l\\u00e7atanl\\u0131q \\u00fczr\\u0259 m\\u00fcvafiq t\\u0259l\\u0259bl\\u0259r\\u0259 uy\\u011funlu\\u011fu Avropa \\u0130ttifaq\\u0131n\\u0131n n\\u0259zar\\u0259ti xaricind\\u0259dir v\\u0259 birba\\u015fa h\\u0259min s\\u0259hif\\u0259l\\u0259rin m\\u0259suliyy\\u0259ti alt\\u0131ndad\\u0131r. <o:p><\\\/o:p><\\\/span><\\\/p>\\n<\\\/div>\\n\n\n<div>\\n\n\n<p><span lang=\\\"AZ-LATIN\\\">EU4Azerbaijan.eu internet s\\u0259hif\\u0259sind\\u0259n h\\u0259r hans\\u0131 konkret k\\u0259nar internet s\\u0259hif\\u0259sin\\u0259 aparan linkin m\\u0259qs\\u0259di EU4Azerbaijan.eu internet s\\u0259hif\\u0259sind\\u0259 m\\u00f6vcud olan m\\u0259lumat\\u0131 daha geni\\u015f \\u015f\\u0259kild\\u0259 t\\u0259qdim etm\\u0259kdir. Bu c\\u00fcr linkl\\u0259rin m\\u00f6vcudlu\\u011fu, Avropa \\u0130ttifaq\\u0131n\\u0131n h\\u0259min s\\u0259hif\\u0259l\\u0259ri, oradak\\u0131 m\\u0259lumatlar\\u0131 v\\u0259 ya h\\u0259min s\\u0259hif\\u0259l\\u0259rin aid oldu\\u011fu t\\u0259\\u015fkilatlar\\u0131 t\\u0259sdiql\\u0259diyi anlam\\u0131na g\\u0259lmir. Xahi\\u015f edirik n\\u0259z\\u0259r\\u0259 alas\\u0131n\\u0131z ki, bu internet s\\u0259hif\\u0259sind\\u0259 m\\u00f6vcud olan h\\u0259r hans\\u0131 s\\u0259n\\u0259din r\\u0259smi olaraq q\\u0259bul edilmi\\u015f m\\u0259tni tam \\u0259ks etdirm\\u0259sin\\u0259 z\\u0259man\\u0259t verilmir. Yaln\\u0131z Avropa \\u0130ttifaq\\u0131n\\u0131n R\\u0259smi Jurnal\\u0131nda (\\u00e7ap versiyas\\u0131 v\\u0259 ya 1 iyul 2013-c\\u00fc il tarixind\\u0259n etibar\\u0259n EUR-Lex internet s\\u0259hif\\u0259sind\\u0259ki elektron n\\u0259\\u015fri) d\\u0259rc olunan s\\u0259n\\u0259dl\\u0259r orijinald\\u0131r v\\u0259 h\\u00fcquqi q\\u00fcvv\\u0259y\\u0259 malikdir.<o:p><\\\/o:p><\\\/span><\\\/p>\\n<\\\/div>\\n\n\n<div>\\n\n\n<p><span lang=\\\"AZ-LATIN\\\">M\\u0259qs\\u0259dimiz texniki x\\u0259talar s\\u0259b\\u0259bind\\u0259n internet s\\u0259hif\\u0259sind\\u0259 yarana bil\\u0259c\\u0259k m\\u00fcmk\\u00fcn x\\u0259talar\\u0131n qar\\u015f\\u0131s\\u0131n\\u0131 almaqd\\u0131r. Ancaq internet s\\u0259hif\\u0259mizd\\u0259ki b\\u0259zi m\\u0259lumatlar v\\u0259 ya m\\u00fc\\u0259yy\\u0259n informasiya x\\u0259talar\\u0131n m\\u00fcmk\\u00fcn oldu\\u011fu fayl v\\u0259 ya formatlarda yarad\\u0131lm\\u0131\\u015f v\\u0259 ya qurulmu\\u015f ola bil\\u0259r. Bel\\u0259 olduqda xidm\\u0259timizd\\u0259 fasil\\u0259nin v\\u0259 ya bu c\\u00fcr x\\u0259talar\\u0131n olmayaca\\u011f\\u0131na dair z\\u0259man\\u0259t ver\\u0259 bilm\\u0259rik.\\u00a0<\\\/span><span lang=\\\"AZ-LATIN\\\">Avropa \\u0130ttifaq\\u0131 <\\\/span><span lang=\\\"AZ-LATIN\\\">bu internet s\\u0259hif\\u0259sinin v\\u0259 ya onunla \\u0259laq\\u0259li k\\u0259nar internet s\\u0259hif\\u0259l\\u0259rinin istifad\\u0259si n\\u0259tic\\u0259sind\\u0259 yaranan bu c\\u00fcr probleml\\u0259r\\u0259 g\\u00f6r\\u0259 he\\u00e7 bir m\\u0259suliyy\\u0259t da\\u015f\\u0131m\\u0131r.<o:p><\\\/o:p><\\\/span><\\\/p>\\n<\\\/div>\\n\n\n<div>\\n\n\n<p><span lang=\\\"AZ-LATIN\\\">Bu m\\u0259suliyy\\u0259td\\u0259n imtina t\\u0259tbiq olunan milli qanunvericilikd\\u0259 g\\u00f6st\\u0259ril\\u0259n t\\u0259l\\u0259bl\\u0259rin pozulmas\\u0131 bax\\u0131m\\u0131ndan Komissiyan\\u0131n m\\u0259suliyy\\u0259tini m\\u0259hdudla\\u015fd\\u0131rmaq v\\u0259 ya bu qanunvericilik il\\u0259 istisna edil\\u0259 bilm\\u0259y\\u0259n m\\u0259s\\u0259l\\u0259l\\u0259r\\u0259 g\\u00f6r\\u0259 onun m\\u0259suliyy\\u0259tini istisna etm\\u0259k m\\u0259qs\\u0259di da\\u015f\\u0131m\\u0131r.<o:p><\\\/o:p><\\\/span><\\\/p>\\n<\\\/div>\"}}]}]}]}],\"version\":\"2.7.6\"} --><\/p>\n","protected":false},"excerpt":{"rendered":"<p>M\u018fSUL\u0130YY\u018fTD\u018fN \u0130MT\u0130NA Avropa Komissiyas\u0131 t\u0259r\u0259find\u0259n idar\u0259 olunan bu internet s\u0259hif\u0259sinin m\u0259qs\u0259di Avropa \u0130ttifaq\u0131 v\u0259 Az\u0259rbaycan aras\u0131nda \u0259m\u0259kda\u015fl\u0131\u011fa dair m\u0259lumatlar\u0131n ictimaiyy\u0259t\u0259 daha yax\u015f\u0131 \u00e7atd\u0131r\u0131lmas\u0131d\u0131r.\u00a0 M\u0259qs\u0259dimiz bu m\u0259lumatlar\u0131n d\u0259qiqliyini v\u0259 operativliyini t\u0259min etm\u0259kdir. Biz m\u0259lumatlar\u0131 \u0259sas\u0259n a\u00e7\u0131q m\u0259nb\u0259l\u0259rd\u0259n, r\u0259smi yay\u0131m kanallar\u0131ndan v\u0259 layih\u0259l\u0259rin gedi\u015fat\u0131 il\u0259 ba\u011fl\u0131 yenil\u0259n\u0259n m\u0259lumatlar\u0131n monitorinqi vasit\u0259sil\u0259 toplay\u0131r\u0131q.\u00a0A\u0130 t\u0259r\u0259find\u0259n maliyy\u0259l\u0259\u015fdiril\u0259n haz\u0131rda davam ed\u0259n v\u0259 [&hellip;]<\/p>\n","protected":false},"author":1,"featured_media":0,"parent":0,"menu_order":0,"comment_status":"closed","ping_status":"closed","template":"","meta":{"_acf_changed":false,"footnotes":""},"class_list":["post-61708","page","type-page","status-publish","hentry"],"acf":[],"yoast_head":"<!-- This site is optimized with the Yoast SEO plugin v26.4 - https:\/\/yoast.com\/wordpress\/plugins\/seo\/ -->\n<title>Disclaimer - EU for Azerbaijan<\/title>\n<meta name=\"robots\" content=\"index, follow, max-snippet:-1, max-image-preview:large, max-video-preview:-1\" \/>\n<link rel=\"canonical\" href=\"https:\/\/eu4azerbaijan.eu\/az\/disclaimer\/\" \/>\n<meta property=\"og:locale\" content=\"az_AZ\" \/>\n<meta property=\"og:type\" content=\"article\" \/>\n<meta property=\"og:title\" content=\"Disclaimer - EU for Azerbaijan\" \/>\n<meta property=\"og:description\" content=\"M\u018fSUL\u0130YY\u018fTD\u018fN \u0130MT\u0130NA Avropa Komissiyas\u0131 t\u0259r\u0259find\u0259n idar\u0259 olunan bu internet s\u0259hif\u0259sinin m\u0259qs\u0259di Avropa \u0130ttifaq\u0131 v\u0259 Az\u0259rbaycan aras\u0131nda \u0259m\u0259kda\u015fl\u0131\u011fa dair m\u0259lumatlar\u0131n ictimaiyy\u0259t\u0259 daha yax\u015f\u0131 \u00e7atd\u0131r\u0131lmas\u0131d\u0131r.\u00a0 M\u0259qs\u0259dimiz bu m\u0259lumatlar\u0131n d\u0259qiqliyini v\u0259 operativliyini t\u0259min etm\u0259kdir. Biz m\u0259lumatlar\u0131 \u0259sas\u0259n a\u00e7\u0131q m\u0259nb\u0259l\u0259rd\u0259n, r\u0259smi yay\u0131m kanallar\u0131ndan v\u0259 layih\u0259l\u0259rin gedi\u015fat\u0131 il\u0259 ba\u011fl\u0131 yenil\u0259n\u0259n m\u0259lumatlar\u0131n monitorinqi vasit\u0259sil\u0259 toplay\u0131r\u0131q.\u00a0A\u0130 t\u0259r\u0259find\u0259n maliyy\u0259l\u0259\u015fdiril\u0259n haz\u0131rda davam ed\u0259n v\u0259 [&hellip;]\" \/>\n<meta property=\"og:url\" content=\"https:\/\/eu4azerbaijan.eu\/az\/disclaimer\/\" \/>\n<meta property=\"og:site_name\" content=\"EU for Azerbaijan\" \/>\n<meta property=\"article:modified_time\" content=\"2022-03-14T15:54:22+00:00\" \/>\n<meta name=\"twitter:card\" content=\"summary_large_image\" \/>\n<meta name=\"twitter:label1\" content=\"Est. reading time\" \/>\n\t<meta name=\"twitter:data1\" content=\"4 minutes\" \/>\n<script type=\"application\/ld+json\" class=\"yoast-schema-graph\">{\"@context\":\"https:\/\/schema.org\",\"@graph\":[{\"@type\":\"WebPage\",\"@id\":\"https:\/\/eu4azerbaijan.eu\/az\/disclaimer\/\",\"url\":\"https:\/\/eu4azerbaijan.eu\/az\/disclaimer\/\",\"name\":\"Disclaimer - EU for Azerbaijan\",\"isPartOf\":{\"@id\":\"https:\/\/eu4azerbaijan.eu\/az\/#website\"},\"datePublished\":\"2020-02-27T19:33:40+00:00\",\"dateModified\":\"2022-03-14T15:54:22+00:00\",\"breadcrumb\":{\"@id\":\"https:\/\/eu4azerbaijan.eu\/az\/disclaimer\/#breadcrumb\"},\"inLanguage\":\"az-AZ\",\"potentialAction\":[{\"@type\":\"ReadAction\",\"target\":[\"https:\/\/eu4azerbaijan.eu\/az\/disclaimer\/\"]}]},{\"@type\":\"BreadcrumbList\",\"@id\":\"https:\/\/eu4azerbaijan.eu\/az\/disclaimer\/#breadcrumb\",\"itemListElement\":[{\"@type\":\"ListItem\",\"position\":1,\"name\":\"Home\",\"item\":\"https:\/\/eu4azerbaijan.eu\/az\/\"},{\"@type\":\"ListItem\",\"position\":2,\"name\":\"Disclaimer\"}]},{\"@type\":\"WebSite\",\"@id\":\"https:\/\/eu4azerbaijan.eu\/az\/#website\",\"url\":\"https:\/\/eu4azerbaijan.eu\/az\/\",\"name\":\"EU for Azerbaijan\",\"description\":\"\",\"potentialAction\":[{\"@type\":\"SearchAction\",\"target\":{\"@type\":\"EntryPoint\",\"urlTemplate\":\"https:\/\/eu4azerbaijan.eu\/az\/?s={search_term_string}\"},\"query-input\":{\"@type\":\"PropertyValueSpecification\",\"valueRequired\":true,\"valueName\":\"search_term_string\"}}],\"inLanguage\":\"az-AZ\"}]}<\/script>\n<!-- \/ Yoast SEO plugin. -->","yoast_head_json":{"title":"Disclaimer - EU for Azerbaijan","robots":{"index":"index","follow":"follow","max-snippet":"max-snippet:-1","max-image-preview":"max-image-preview:large","max-video-preview":"max-video-preview:-1"},"canonical":"https:\/\/eu4azerbaijan.eu\/az\/disclaimer\/","og_locale":"az_AZ","og_type":"article","og_title":"Disclaimer - EU for Azerbaijan","og_description":"M\u018fSUL\u0130YY\u018fTD\u018fN \u0130MT\u0130NA Avropa Komissiyas\u0131 t\u0259r\u0259find\u0259n idar\u0259 olunan bu internet s\u0259hif\u0259sinin m\u0259qs\u0259di Avropa \u0130ttifaq\u0131 v\u0259 Az\u0259rbaycan aras\u0131nda \u0259m\u0259kda\u015fl\u0131\u011fa dair m\u0259lumatlar\u0131n ictimaiyy\u0259t\u0259 daha yax\u015f\u0131 \u00e7atd\u0131r\u0131lmas\u0131d\u0131r.\u00a0 M\u0259qs\u0259dimiz bu m\u0259lumatlar\u0131n d\u0259qiqliyini v\u0259 operativliyini t\u0259min etm\u0259kdir. Biz m\u0259lumatlar\u0131 \u0259sas\u0259n a\u00e7\u0131q m\u0259nb\u0259l\u0259rd\u0259n, r\u0259smi yay\u0131m kanallar\u0131ndan v\u0259 layih\u0259l\u0259rin gedi\u015fat\u0131 il\u0259 ba\u011fl\u0131 yenil\u0259n\u0259n m\u0259lumatlar\u0131n monitorinqi vasit\u0259sil\u0259 toplay\u0131r\u0131q.\u00a0A\u0130 t\u0259r\u0259find\u0259n maliyy\u0259l\u0259\u015fdiril\u0259n haz\u0131rda davam ed\u0259n v\u0259 [&hellip;]","og_url":"https:\/\/eu4azerbaijan.eu\/az\/disclaimer\/","og_site_name":"EU for Azerbaijan","article_modified_time":"2022-03-14T15:54:22+00:00","twitter_card":"summary_large_image","twitter_misc":{"Est. reading time":"4 minutes"},"schema":{"@context":"https:\/\/schema.org","@graph":[{"@type":"WebPage","@id":"https:\/\/eu4azerbaijan.eu\/az\/disclaimer\/","url":"https:\/\/eu4azerbaijan.eu\/az\/disclaimer\/","name":"Disclaimer - EU for Azerbaijan","isPartOf":{"@id":"https:\/\/eu4azerbaijan.eu\/az\/#website"},"datePublished":"2020-02-27T19:33:40+00:00","dateModified":"2022-03-14T15:54:22+00:00","breadcrumb":{"@id":"https:\/\/eu4azerbaijan.eu\/az\/disclaimer\/#breadcrumb"},"inLanguage":"az-AZ","potentialAction":[{"@type":"ReadAction","target":["https:\/\/eu4azerbaijan.eu\/az\/disclaimer\/"]}]},{"@type":"BreadcrumbList","@id":"https:\/\/eu4azerbaijan.eu\/az\/disclaimer\/#breadcrumb","itemListElement":[{"@type":"ListItem","position":1,"name":"Home","item":"https:\/\/eu4azerbaijan.eu\/az\/"},{"@type":"ListItem","position":2,"name":"Disclaimer"}]},{"@type":"WebSite","@id":"https:\/\/eu4azerbaijan.eu\/az\/#website","url":"https:\/\/eu4azerbaijan.eu\/az\/","name":"EU for Azerbaijan","description":"","potentialAction":[{"@type":"SearchAction","target":{"@type":"EntryPoint","urlTemplate":"https:\/\/eu4azerbaijan.eu\/az\/?s={search_term_string}"},"query-input":{"@type":"PropertyValueSpecification","valueRequired":true,"valueName":"search_term_string"}}],"inLanguage":"az-AZ"}]}},"_links":{"self":[{"href":"https:\/\/eu4azerbaijan.eu\/az\/wp-json\/wp\/v2\/pages\/61708","targetHints":{"allow":["GET"]}}],"collection":[{"href":"https:\/\/eu4azerbaijan.eu\/az\/wp-json\/wp\/v2\/pages"}],"about":[{"href":"https:\/\/eu4azerbaijan.eu\/az\/wp-json\/wp\/v2\/types\/page"}],"author":[{"embeddable":true,"href":"https:\/\/eu4azerbaijan.eu\/az\/wp-json\/wp\/v2\/users\/1"}],"replies":[{"embeddable":true,"href":"https:\/\/eu4azerbaijan.eu\/az\/wp-json\/wp\/v2\/comments?post=61708"}],"version-history":[{"count":3,"href":"https:\/\/eu4azerbaijan.eu\/az\/wp-json\/wp\/v2\/pages\/61708\/revisions"}],"predecessor-version":[{"id":61711,"href":"https:\/\/eu4azerbaijan.eu\/az\/wp-json\/wp\/v2\/pages\/61708\/revisions\/61711"}],"wp:attachment":[{"href":"https:\/\/eu4azerbaijan.eu\/az\/wp-json\/wp\/v2\/media?parent=61708"}],"curies":[{"name":"wp","href":"https:\/\/api.w.org\/{rel}","templated":true}]}}