{"id":47792,"date":"2020-07-24T06:52:04","date_gmt":"2020-07-24T06:52:04","guid":{"rendered":"https:\/\/eu4azerbaijan.eu\/eu-delegation\/"},"modified":"2021-02-16T07:33:32","modified_gmt":"2021-02-16T07:33:32","slug":"eu-delegation","status":"publish","type":"page","link":"https:\/\/eu4azerbaijan.eu\/az\/eu-delegation\/","title":{"rendered":"N\u018fL\u018fR ED\u0130R\u0130K"},"content":{"rendered":"<h1>\n<p><strong><span lang=\"EN-GB\">Avropa \u0130ttifaq\u0131 v\u0259 Az\u0259rbaycan: birlikd\u0259 daha g\u00fccl\u00fc<\/span><\/strong><\/p>\n<\/h1>\n<p><img decoding=\"async\" src=\"\/wp-content\/uploads\/eurovillage114.jpg\" alt=\"\"><\/p>\n<div>\n<p>Avropa \u0130ttifaq\u0131n\u0131n Az\u0259rbaycan il\u0259 m\u00fcnasib\u0259tl\u0259ri 1999-cu ild\u0259n q\u00fcvv\u0259d\u0259 olan A\u0130-Az\u0259rbaycan T\u0259r\u0259fda\u015fl\u0131q v\u0259 \u018fm\u0259kda\u015fl\u0131q m\u00fcqavil\u0259sin\u0259 \u0259saslan\u0131r. 2017-ci ilin fevral ay\u0131nda A\u0130 v\u0259 Az\u0259rbaycan siyasi dialoq, ticar\u0259t v\u0259 qar\u015f\u0131l\u0131ql\u0131 faydal\u0131 \u0259m\u0259kda\u015fl\u0131\u011f\u0131 inki\u015faf etdirm\u0259k \u00fc\u00e7\u00fcn haz\u0131rlanm\u0131\u015f yeni \u00e7\u0259r\u00e7iv\u0259 m\u00fcqavil\u0259si \u00fczr\u0259 dan\u0131\u015f\u0131qlara ba\u015flad\u0131lar.<\/p>\n<p>A\u0130-Az\u0259rbaycan m\u00fcnasib\u0259tl\u0259ri haqq\u0131nda \u0259trafl\u0131 m\u0259lumat\u0131<span style=\"color: #0000ff;\"> <a style=\"color: #0000ff;\" href=\"https:\/\/eeas.europa.eu\/delegations\/azerbaijan\/916\/azerbaijan-and-eu_en\">buradan<\/a> <\/span>\u0259ld\u0259 ed\u0259 bil\u0259rsiniz.<\/p>\n<p>A\u0130 Az\u0259rbaycan il\u0259<span style=\"color: #0000ff;\"> <a style=\"color: #0000ff;\" href=\"https:\/\/ec.europa.eu\/neighbourhood-enlargement\/neighbourhood\/overview_en\">Avropa Qon\u015fuluq Siyas\u0259ti<\/a><\/span> v\u0259 onun \u015f\u0259rq regional <span style=\"color: #0000ff;\"><a style=\"color: #0000ff;\" href=\"https:\/\/ec.europa.eu\/neighbourhood-enlargement\/neighbourhood\/eastern-partnership_en\">\u015e\u0259rq T\u0259r\u0259fda\u015fl\u0131\u011f\u0131<\/a><\/span> proqram\u0131 \u00e7\u0259r\u00e7iv\u0259sind\u0259 \u0259m\u0259kda\u015fl\u0131q edir.<\/p>\n<p>2018-ci ild\u0259 A\u0130 v\u0259 Az\u0259rbaycan ikit\u0259r\u0259fli siyasi dialoq v\u0259 \u0259m\u0259kda\u015fl\u0131\u011f\u0131 y\u00f6nl\u0259ndir\u0259n d\u00f6rd \u015e\u0259rq T\u0259r\u0259fda\u015fl\u0131\u011f\u0131 prioriteti il\u0259 b\u0259rab\u0259r T\u0259r\u0259fda\u015fl\u0131q Prioritetl\u0259rini t\u0259sdiq etdil\u0259r.<\/p>\n<p>A\u0130-nin Az\u0259rbaycana yard\u0131m\u0131 T\u0259r\u0259fda\u015fl\u0131q Prioritetl\u0259rind\u0259 g\u00f6st\u0259ril\u0259n siyas\u0259t h\u0259d\u0259fl\u0259rini d\u0259st\u0259kl\u0259y\u0259r\u0259k Az\u0259rbaycan v\u0259t\u0259nda\u015flar\u0131n\u0131n h\u0259yat s\u0259viyy\u0259sini \u0259h\u0259miyy\u0259tli d\u0259r\u0259c\u0259d\u0259 yax\u015f\u0131la\u015fd\u0131rmaq m\u0259qs\u0259di da\u015f\u0131y\u0131r. Bu yard\u0131m d\u00f6vl\u0259t\u0259 birba\u015fa maliyy\u0259 d\u0259st\u0259yi, texniki yard\u0131m layih\u0259l\u0259ri, v\u0259t\u0259nda\u015f c\u0259miyy\u0259tin\u0259 ayr\u0131lm\u0131\u015f qrantlar v\u0259 ya Erasmus+ kimi A\u0130 proqramlar\u0131na \u00e7\u0131x\u0131\u015f\u0131n \u0259ld\u0259 edilm\u0259si \u015f\u0259klind\u0259 ola bil\u0259r.<\/p>\n<p>Bu internet s\u0259hif\u0259si s\u00f6z\u00fcged\u0259n d\u0259st\u0259kl\u0259 ba\u011fl\u0131 \u0259trafl\u0131 m\u0259lumat t\u0259qdim edir v\u0259 t\u0259m\u0259l m\u0259s\u0259l\u0259l\u0259r\u0259 t\u0259siri \u00f6n plana \u00e7\u0131xar\u0131r. \u00a0<\/p>\n<p>Bu yard\u0131m\u0131n g\u00f6st\u0259rdiyi t\u0259sirin \u00fcmumi icmal\u0131na<span style=\"color: #0000ff;\"> <a style=\"color: #0000ff;\" href=\"https:\/\/ec.europa.eu\/neighbourhood-enlargement\/sites\/near\/files\/eap_factsheet_azerbaijan.pdf\">burada<\/a><\/span> baxmaq olar.<\/p>\n<p>\u00a0<\/p>\n<p>\u00a0<\/p>\n<\/div>\n<p><iframe src=\"https:\/\/vimeo.com\/512498206\/d8746543d1\"><\/iframe><\/p>\n<p><!-- {\"type\":\"layout\",\"children\":[{\"type\":\"section\",\"props\":{\"style\":\"default\",\"width\":\"default\",\"vertical_align\":\"middle\",\"title_position\":\"top-left\",\"title_rotation\":\"left\",\"title_breakpoint\":\"xl\",\"image_position\":\"center-center\"},\"children\":[{\"type\":\"row\",\"children\":[{\"type\":\"column\",\"props\":{\"image_position\":\"center-center\",\"media_overlay_gradient\":\"\",\"width_medium\":\"1-1\"},\"children\":[{\"type\":\"headline\",\"props\":{\"title_element\":\"h1\",\"content\":\"\n\n<p><strong><span lang=\\\"EN-GB\\\">Avropa \\u0130ttifaq\\u0131 v\\u0259 Az\\u0259rbaycan: birlikd\\u0259 daha g\\u00fccl\\u00fc<\\\/span><\\\/strong><\\\/p>\"}},{\"type\":\"image\",\"props\":{\"margin\":\"default\",\"image_svg_color\":\"emphasis\",\"image\":\"wp-content\\\/uploads\\\/eurovillage114.jpg\"}},{\"type\":\"text\",\"props\":{\"margin\":\"default\",\"column_breakpoint\":\"m\",\"content\":\"\n\n<p>Avropa \\u0130ttifaq\\u0131n\\u0131n Az\\u0259rbaycan il\\u0259 m\\u00fcnasib\\u0259tl\\u0259ri 1999-cu ild\\u0259n q\\u00fcvv\\u0259d\\u0259 olan A\\u0130-Az\\u0259rbaycan T\\u0259r\\u0259fda\\u015fl\\u0131q v\\u0259 \\u018fm\\u0259kda\\u015fl\\u0131q m\\u00fcqavil\\u0259sin\\u0259 \\u0259saslan\\u0131r. 2017-ci ilin fevral ay\\u0131nda A\\u0130 v\\u0259 Az\\u0259rbaycan siyasi dialoq, ticar\\u0259t v\\u0259 qar\\u015f\\u0131l\\u0131ql\\u0131 faydal\\u0131 \\u0259m\\u0259kda\\u015fl\\u0131\\u011f\\u0131 inki\\u015faf etdirm\\u0259k \\u00fc\\u00e7\\u00fcn haz\\u0131rlanm\\u0131\\u015f yeni \\u00e7\\u0259r\\u00e7iv\\u0259 m\\u00fcqavil\\u0259si \\u00fczr\\u0259 dan\\u0131\\u015f\\u0131qlara ba\\u015flad\\u0131lar.<\\\/p>\\n\n\n<p>A\\u0130-Az\\u0259rbaycan m\\u00fcnasib\\u0259tl\\u0259ri haqq\\u0131nda \\u0259trafl\\u0131 m\\u0259lumat\\u0131<span style=\\\"color: #0000ff;\\\"> <a style=\\\"color: #0000ff;\\\" href=\\\"https:\\\/\\\/eeas.europa.eu\\\/delegations\\\/azerbaijan\\\/916\\\/azerbaijan-and-eu_en\\\">buradan<\\\/a> <\\\/span>\\u0259ld\\u0259 ed\\u0259 bil\\u0259rsiniz.<\\\/p>\\n\n\n<p>A\\u0130 Az\\u0259rbaycan il\\u0259<span style=\\\"color: #0000ff;\\\"> <a style=\\\"color: #0000ff;\\\" href=\\\"https:\\\/\\\/ec.europa.eu\\\/neighbourhood-enlargement\\\/neighbourhood\\\/overview_en\\\">Avropa Qon\\u015fuluq Siyas\\u0259ti<\\\/a><\\\/span> v\\u0259 onun \\u015f\\u0259rq regional <span style=\\\"color: #0000ff;\\\"><a style=\\\"color: #0000ff;\\\" href=\\\"https:\\\/\\\/ec.europa.eu\\\/neighbourhood-enlargement\\\/neighbourhood\\\/eastern-partnership_en\\\">\\u015e\\u0259rq T\\u0259r\\u0259fda\\u015fl\\u0131\\u011f\\u0131<\\\/a><\\\/span> proqram\\u0131 \\u00e7\\u0259r\\u00e7iv\\u0259sind\\u0259 \\u0259m\\u0259kda\\u015fl\\u0131q edir.<\\\/p>\\n\n\n<p>2018-ci ild\\u0259 A\\u0130 v\\u0259 Az\\u0259rbaycan ikit\\u0259r\\u0259fli siyasi dialoq v\\u0259 \\u0259m\\u0259kda\\u015fl\\u0131\\u011f\\u0131 y\\u00f6nl\\u0259ndir\\u0259n d\\u00f6rd \\u015e\\u0259rq T\\u0259r\\u0259fda\\u015fl\\u0131\\u011f\\u0131 prioriteti il\\u0259 b\\u0259rab\\u0259r T\\u0259r\\u0259fda\\u015fl\\u0131q Prioritetl\\u0259rini t\\u0259sdiq etdil\\u0259r.<\\\/p>\\n\n\n<p>A\\u0130-nin Az\\u0259rbaycana yard\\u0131m\\u0131 T\\u0259r\\u0259fda\\u015fl\\u0131q Prioritetl\\u0259rind\\u0259 g\\u00f6st\\u0259ril\\u0259n siyas\\u0259t h\\u0259d\\u0259fl\\u0259rini d\\u0259st\\u0259kl\\u0259y\\u0259r\\u0259k Az\\u0259rbaycan v\\u0259t\\u0259nda\\u015flar\\u0131n\\u0131n h\\u0259yat s\\u0259viyy\\u0259sini \\u0259h\\u0259miyy\\u0259tli d\\u0259r\\u0259c\\u0259d\\u0259 yax\\u015f\\u0131la\\u015fd\\u0131rmaq m\\u0259qs\\u0259di da\\u015f\\u0131y\\u0131r. Bu yard\\u0131m d\\u00f6vl\\u0259t\\u0259 birba\\u015fa maliyy\\u0259 d\\u0259st\\u0259yi, texniki yard\\u0131m layih\\u0259l\\u0259ri, v\\u0259t\\u0259nda\\u015f c\\u0259miyy\\u0259tin\\u0259 ayr\\u0131lm\\u0131\\u015f qrantlar v\\u0259 ya Erasmus+ kimi A\\u0130 proqramlar\\u0131na \\u00e7\\u0131x\\u0131\\u015f\\u0131n \\u0259ld\\u0259 edilm\\u0259si \\u015f\\u0259klind\\u0259 ola bil\\u0259r.<\\\/p>\\n\n\n<p>Bu internet s\\u0259hif\\u0259si s\\u00f6z\\u00fcged\\u0259n d\\u0259st\\u0259kl\\u0259 ba\\u011fl\\u0131 \\u0259trafl\\u0131 m\\u0259lumat t\\u0259qdim edir v\\u0259 t\\u0259m\\u0259l m\\u0259s\\u0259l\\u0259l\\u0259r\\u0259 t\\u0259siri \\u00f6n plana \\u00e7\\u0131xar\\u0131r. \\u00a0<\\\/p>\\n\n\n<p>Bu yard\\u0131m\\u0131n g\\u00f6st\\u0259rdiyi t\\u0259sirin \\u00fcmumi icmal\\u0131na<span style=\\\"color: #0000ff;\\\"> <a style=\\\"color: #0000ff;\\\" href=\\\"https:\\\/\\\/ec.europa.eu\\\/neighbourhood-enlargement\\\/sites\\\/near\\\/files\\\/eap_factsheet_azerbaijan.pdf\\\">burada<\\\/a><\\\/span> baxmaq olar.<\\\/p>\\n\n\n<p>\\u00a0<\\\/p>\\n\n\n<p>\\u00a0<\\\/p>\"}}]}]},{\"type\":\"row\",\"children\":[{\"type\":\"column\",\"props\":{\"image_position\":\"center-center\",\"media_overlay_gradient\":\"\",\"width_medium\":\"1-1\"},\"children\":[{\"type\":\"video\",\"props\":{\"video_controls\":true,\"margin\":\"default\",\"video\":\"https:\\\/\\\/vimeo.com\\\/512498206\\\/d8746543d1\",\"text_align\":\"center\",\"video_width\":\"700\"}}]}]}]}],\"version\":\"2.3.0-beta.1\"} --><\/p>\n","protected":false},"excerpt":{"rendered":"<p>Avropa \u0130ttifaq\u0131 v\u0259 Az\u0259rbaycan: birlikd\u0259 daha g\u00fccl\u00fc Avropa \u0130ttifaq\u0131n\u0131n Az\u0259rbaycan il\u0259 m\u00fcnasib\u0259tl\u0259ri 1999-cu ild\u0259n q\u00fcvv\u0259d\u0259 olan A\u0130-Az\u0259rbaycan T\u0259r\u0259fda\u015fl\u0131q v\u0259 \u018fm\u0259kda\u015fl\u0131q m\u00fcqavil\u0259sin\u0259 \u0259saslan\u0131r. 2017-ci ilin fevral ay\u0131nda A\u0130 v\u0259 Az\u0259rbaycan siyasi dialoq, ticar\u0259t v\u0259 qar\u015f\u0131l\u0131ql\u0131 faydal\u0131 \u0259m\u0259kda\u015fl\u0131\u011f\u0131 inki\u015faf etdirm\u0259k \u00fc\u00e7\u00fcn haz\u0131rlanm\u0131\u015f yeni \u00e7\u0259r\u00e7iv\u0259 m\u00fcqavil\u0259si \u00fczr\u0259 dan\u0131\u015f\u0131qlara ba\u015flad\u0131lar. A\u0130-Az\u0259rbaycan m\u00fcnasib\u0259tl\u0259ri haqq\u0131nda \u0259trafl\u0131 m\u0259lumat\u0131 buradan \u0259ld\u0259 ed\u0259 bil\u0259rsiniz. [&hellip;]<\/p>\n","protected":false},"author":9,"featured_media":0,"parent":0,"menu_order":0,"comment_status":"closed","ping_status":"closed","template":"","meta":{"_acf_changed":false,"footnotes":""},"class_list":["post-47792","page","type-page","status-publish","hentry"],"acf":[],"yoast_head":"<!-- This site is optimized with the Yoast SEO plugin v26.4 - https:\/\/yoast.com\/wordpress\/plugins\/seo\/ -->\n<title>N\u018fL\u018fR ED\u0130R\u0130K - EU for Azerbaijan<\/title>\n<meta name=\"robots\" content=\"index, follow, max-snippet:-1, max-image-preview:large, max-video-preview:-1\" \/>\n<link rel=\"canonical\" href=\"https:\/\/eu4azerbaijan.eu\/az\/eu-delegation\/\" \/>\n<meta property=\"og:locale\" content=\"az_AZ\" \/>\n<meta property=\"og:type\" content=\"article\" \/>\n<meta property=\"og:title\" content=\"N\u018fL\u018fR ED\u0130R\u0130K - EU for Azerbaijan\" \/>\n<meta property=\"og:description\" content=\"Avropa \u0130ttifaq\u0131 v\u0259 Az\u0259rbaycan: birlikd\u0259 daha g\u00fccl\u00fc Avropa \u0130ttifaq\u0131n\u0131n Az\u0259rbaycan il\u0259 m\u00fcnasib\u0259tl\u0259ri 1999-cu ild\u0259n q\u00fcvv\u0259d\u0259 olan A\u0130-Az\u0259rbaycan T\u0259r\u0259fda\u015fl\u0131q v\u0259 \u018fm\u0259kda\u015fl\u0131q m\u00fcqavil\u0259sin\u0259 \u0259saslan\u0131r. 2017-ci ilin fevral ay\u0131nda A\u0130 v\u0259 Az\u0259rbaycan siyasi dialoq, ticar\u0259t v\u0259 qar\u015f\u0131l\u0131ql\u0131 faydal\u0131 \u0259m\u0259kda\u015fl\u0131\u011f\u0131 inki\u015faf etdirm\u0259k \u00fc\u00e7\u00fcn haz\u0131rlanm\u0131\u015f yeni \u00e7\u0259r\u00e7iv\u0259 m\u00fcqavil\u0259si \u00fczr\u0259 dan\u0131\u015f\u0131qlara ba\u015flad\u0131lar. A\u0130-Az\u0259rbaycan m\u00fcnasib\u0259tl\u0259ri haqq\u0131nda \u0259trafl\u0131 m\u0259lumat\u0131 buradan \u0259ld\u0259 ed\u0259 bil\u0259rsiniz. [&hellip;]\" \/>\n<meta property=\"og:url\" content=\"https:\/\/eu4azerbaijan.eu\/az\/eu-delegation\/\" \/>\n<meta property=\"og:site_name\" content=\"EU for Azerbaijan\" \/>\n<meta property=\"article:modified_time\" content=\"2021-02-16T07:33:32+00:00\" \/>\n<meta property=\"og:image\" content=\"https:\/\/eu4azerbaijan.eu\/wp-content\/uploads\/eurovillage114.jpg\" \/>\n<meta name=\"twitter:card\" content=\"summary_large_image\" \/>\n<meta name=\"twitter:label1\" content=\"Est. reading time\" \/>\n\t<meta name=\"twitter:data1\" content=\"2 minutes\" \/>\n<script type=\"application\/ld+json\" class=\"yoast-schema-graph\">{\"@context\":\"https:\/\/schema.org\",\"@graph\":[{\"@type\":\"WebPage\",\"@id\":\"https:\/\/eu4azerbaijan.eu\/az\/eu-delegation\/\",\"url\":\"https:\/\/eu4azerbaijan.eu\/az\/eu-delegation\/\",\"name\":\"N\u018fL\u018fR ED\u0130R\u0130K - EU for Azerbaijan\",\"isPartOf\":{\"@id\":\"https:\/\/eu4azerbaijan.eu\/az\/#website\"},\"datePublished\":\"2020-07-24T06:52:04+00:00\",\"dateModified\":\"2021-02-16T07:33:32+00:00\",\"breadcrumb\":{\"@id\":\"https:\/\/eu4azerbaijan.eu\/az\/eu-delegation\/#breadcrumb\"},\"inLanguage\":\"az-AZ\",\"potentialAction\":[{\"@type\":\"ReadAction\",\"target\":[\"https:\/\/eu4azerbaijan.eu\/az\/eu-delegation\/\"]}]},{\"@type\":\"BreadcrumbList\",\"@id\":\"https:\/\/eu4azerbaijan.eu\/az\/eu-delegation\/#breadcrumb\",\"itemListElement\":[{\"@type\":\"ListItem\",\"position\":1,\"name\":\"Home\",\"item\":\"https:\/\/eu4azerbaijan.eu\/az\/\"},{\"@type\":\"ListItem\",\"position\":2,\"name\":\"N\u018fL\u018fR ED\u0130R\u0130K\"}]},{\"@type\":\"WebSite\",\"@id\":\"https:\/\/eu4azerbaijan.eu\/az\/#website\",\"url\":\"https:\/\/eu4azerbaijan.eu\/az\/\",\"name\":\"EU for Azerbaijan\",\"description\":\"\",\"potentialAction\":[{\"@type\":\"SearchAction\",\"target\":{\"@type\":\"EntryPoint\",\"urlTemplate\":\"https:\/\/eu4azerbaijan.eu\/az\/?s={search_term_string}\"},\"query-input\":{\"@type\":\"PropertyValueSpecification\",\"valueRequired\":true,\"valueName\":\"search_term_string\"}}],\"inLanguage\":\"az-AZ\"}]}<\/script>\n<!-- \/ Yoast SEO plugin. -->","yoast_head_json":{"title":"N\u018fL\u018fR ED\u0130R\u0130K - EU for Azerbaijan","robots":{"index":"index","follow":"follow","max-snippet":"max-snippet:-1","max-image-preview":"max-image-preview:large","max-video-preview":"max-video-preview:-1"},"canonical":"https:\/\/eu4azerbaijan.eu\/az\/eu-delegation\/","og_locale":"az_AZ","og_type":"article","og_title":"N\u018fL\u018fR ED\u0130R\u0130K - EU for Azerbaijan","og_description":"Avropa \u0130ttifaq\u0131 v\u0259 Az\u0259rbaycan: birlikd\u0259 daha g\u00fccl\u00fc Avropa \u0130ttifaq\u0131n\u0131n Az\u0259rbaycan il\u0259 m\u00fcnasib\u0259tl\u0259ri 1999-cu ild\u0259n q\u00fcvv\u0259d\u0259 olan A\u0130-Az\u0259rbaycan T\u0259r\u0259fda\u015fl\u0131q v\u0259 \u018fm\u0259kda\u015fl\u0131q m\u00fcqavil\u0259sin\u0259 \u0259saslan\u0131r. 2017-ci ilin fevral ay\u0131nda A\u0130 v\u0259 Az\u0259rbaycan siyasi dialoq, ticar\u0259t v\u0259 qar\u015f\u0131l\u0131ql\u0131 faydal\u0131 \u0259m\u0259kda\u015fl\u0131\u011f\u0131 inki\u015faf etdirm\u0259k \u00fc\u00e7\u00fcn haz\u0131rlanm\u0131\u015f yeni \u00e7\u0259r\u00e7iv\u0259 m\u00fcqavil\u0259si \u00fczr\u0259 dan\u0131\u015f\u0131qlara ba\u015flad\u0131lar. A\u0130-Az\u0259rbaycan m\u00fcnasib\u0259tl\u0259ri haqq\u0131nda \u0259trafl\u0131 m\u0259lumat\u0131 buradan \u0259ld\u0259 ed\u0259 bil\u0259rsiniz. [&hellip;]","og_url":"https:\/\/eu4azerbaijan.eu\/az\/eu-delegation\/","og_site_name":"EU for Azerbaijan","article_modified_time":"2021-02-16T07:33:32+00:00","og_image":[{"url":"https:\/\/eu4azerbaijan.eu\/wp-content\/uploads\/eurovillage114.jpg","type":"","width":"","height":""}],"twitter_card":"summary_large_image","twitter_misc":{"Est. reading time":"2 minutes"},"schema":{"@context":"https:\/\/schema.org","@graph":[{"@type":"WebPage","@id":"https:\/\/eu4azerbaijan.eu\/az\/eu-delegation\/","url":"https:\/\/eu4azerbaijan.eu\/az\/eu-delegation\/","name":"N\u018fL\u018fR ED\u0130R\u0130K - EU for Azerbaijan","isPartOf":{"@id":"https:\/\/eu4azerbaijan.eu\/az\/#website"},"datePublished":"2020-07-24T06:52:04+00:00","dateModified":"2021-02-16T07:33:32+00:00","breadcrumb":{"@id":"https:\/\/eu4azerbaijan.eu\/az\/eu-delegation\/#breadcrumb"},"inLanguage":"az-AZ","potentialAction":[{"@type":"ReadAction","target":["https:\/\/eu4azerbaijan.eu\/az\/eu-delegation\/"]}]},{"@type":"BreadcrumbList","@id":"https:\/\/eu4azerbaijan.eu\/az\/eu-delegation\/#breadcrumb","itemListElement":[{"@type":"ListItem","position":1,"name":"Home","item":"https:\/\/eu4azerbaijan.eu\/az\/"},{"@type":"ListItem","position":2,"name":"N\u018fL\u018fR ED\u0130R\u0130K"}]},{"@type":"WebSite","@id":"https:\/\/eu4azerbaijan.eu\/az\/#website","url":"https:\/\/eu4azerbaijan.eu\/az\/","name":"EU for Azerbaijan","description":"","potentialAction":[{"@type":"SearchAction","target":{"@type":"EntryPoint","urlTemplate":"https:\/\/eu4azerbaijan.eu\/az\/?s={search_term_string}"},"query-input":{"@type":"PropertyValueSpecification","valueRequired":true,"valueName":"search_term_string"}}],"inLanguage":"az-AZ"}]}},"_links":{"self":[{"href":"https:\/\/eu4azerbaijan.eu\/az\/wp-json\/wp\/v2\/pages\/47792","targetHints":{"allow":["GET"]}}],"collection":[{"href":"https:\/\/eu4azerbaijan.eu\/az\/wp-json\/wp\/v2\/pages"}],"about":[{"href":"https:\/\/eu4azerbaijan.eu\/az\/wp-json\/wp\/v2\/types\/page"}],"author":[{"embeddable":true,"href":"https:\/\/eu4azerbaijan.eu\/az\/wp-json\/wp\/v2\/users\/9"}],"replies":[{"embeddable":true,"href":"https:\/\/eu4azerbaijan.eu\/az\/wp-json\/wp\/v2\/comments?post=47792"}],"version-history":[{"count":0,"href":"https:\/\/eu4azerbaijan.eu\/az\/wp-json\/wp\/v2\/pages\/47792\/revisions"}],"wp:attachment":[{"href":"https:\/\/eu4azerbaijan.eu\/az\/wp-json\/wp\/v2\/media?parent=47792"}],"curies":[{"name":"wp","href":"https:\/\/api.w.org\/{rel}","templated":true}]}}